{"id":28,"date":"2016-04-11T23:16:22","date_gmt":"2016-04-11T23:16:22","guid":{"rendered":"http:\/\/letrasenlafrontera.org\/letras\/?page_id=28"},"modified":"2018-10-01T18:12:23","modified_gmt":"2018-10-01T18:12:23","slug":"alfredo-avalos","status":"publish","type":"page","link":"https:\/\/letrasenlafrontera.org\/index.php\/consejo-editorial\/alfredo-avalos\/","title":{"rendered":"Alfredo \u00c1valos"},"content":{"rendered":"<p style=\"text-align: justify;\"><span style=\"font-weight: 400;\"><img loading=\"lazy\" decoding=\"async\" class=\"alignright size-medium wp-image-607\" src=\"https:\/\/letrasenlafrontera.org\/wp-content\/uploads\/2016\/04\/10847513_10205760637603423_7416668721271673425_o-1-300x300.jpg\" alt=\"10847513_10205760637603423_7416668721271673425_o\" width=\"300\" height=\"300\" srcset=\"https:\/\/letrasenlafrontera.org\/wp-content\/uploads\/2016\/04\/10847513_10205760637603423_7416668721271673425_o-1-300x300.jpg 300w, https:\/\/letrasenlafrontera.org\/wp-content\/uploads\/2016\/04\/10847513_10205760637603423_7416668721271673425_o-1-150x150.jpg 150w, https:\/\/letrasenlafrontera.org\/wp-content\/uploads\/2016\/04\/10847513_10205760637603423_7416668721271673425_o-1-768x768.jpg 768w, https:\/\/letrasenlafrontera.org\/wp-content\/uploads\/2016\/04\/10847513_10205760637603423_7416668721271673425_o-1-1024x1024.jpg 1024w, https:\/\/letrasenlafrontera.org\/wp-content\/uploads\/2016\/04\/10847513_10205760637603423_7416668721271673425_o-1.jpg 1253w\" sizes=\"auto, (max-width: 300px) 100vw, 300px\" \/>[dropcap]C[\/dropcap]\u00e1rdenas, San Luis Potos\u00ed, \u00a0M\u00e9xico, 1971.\u00a0<\/span>Estudi\u00f3 la licenciatura en derecho \u00a0en el Instituto de Ciencias y Estudios Superiores de Tamaulipas, \u00a0y recientemente obtuvo una Certificaci\u00f3n en estudios legales en la Universidad de Texas en San Antonio.<\/p>\n<p style=\"text-align: justify;\"><span style=\"font-weight: 400;\">Adem\u00e1s de sus estudios legales, es escritor, promotor cultural y actualmente se desempe\u00f1a como editor de contenido del peri\u00f3dico El Universal, en la oficina de San Antonio, Texas.<\/span><\/p>\n<p style=\"text-align: justify;\"><span style=\"font-weight: 400;\">Ha publicado en peri\u00f3dicos nacionales, revistas literarias impresas y electr\u00f3nicas, en diversas antolog\u00edas como \u201cEl Tren de la Ausencia\u201d 2012,\u201d Brevedad Urbana\u201d 2012 \u201cDioses Cortos y otros cuentos\u201d 2013 \u201cR\u00edspida Introspecci\u00f3n\u201d 2014 \u201cCuentos peque\u00f1os, GRANDES LECTORES\u201d (2015) y es autor de la colecci\u00f3n de Cuentos Voyeur (Contacto Latino Libros, 2012)<\/span><\/p>\n<p style=\"text-align: justify;\"><span style=\"font-weight: 400;\">Ha participado en talleres de creaci\u00f3n literaria, cuento, novela y guion cinematogr\u00e1fico, generados desde Espa\u00f1a y Argentina.<\/span><\/p>\n<p style=\"text-align: justify;\"><span style=\"font-weight: 400;\">Presidente del Circulo Literario \u201cDr. Manuel Rodr\u00edguez Brayda\u201d de Matamoros, Tamaulipas, M\u00e9xico. 1999-2000.<\/span><\/p>\n<p style=\"text-align: justify;\"><span style=\"font-weight: 400;\">Miembro de la Sociedad de Escritores Latinos e Hispanos de San Antonio, TX, USA.<\/span><\/p>\n<p style=\"text-align: justify;\"><span style=\"font-weight: 400;\">Co-fundador de la revista electr\u00f3nica de Arte y Literatura, <em>Labrapalabra<\/em>.<\/span><\/p>\n<p style=\"text-align: justify;\"><span style=\"font-weight: 400;\">Fundador del grupo Letras en la Frontera y organizador del encuentro anual de escritores Letras en la Frontera en San Antonio Texas, que convoca alrededor de 30 escritores radicados en M\u00e9xico y estados Unidos a un evento de 3 d\u00edas que incluyen presentaci\u00f3n de libros, talleres y lecturas en las sedes de la UNAM-San Antonio, Universidad de Texas en San Antonio y Our Lady of the Lake University.<\/span><\/p>\n<p style=\"text-align: justify;\"><span style=\"font-weight: 400;\">Coordinador del certamen internacional de creaci\u00f3n literaria UNAM-San Antonio-Letras en la Frontera, que en sus dos ediciones 2013 y 2014 ha recibido cientos de trabajos de m\u00e1s de una veintena de pa\u00edses. El certamen otorga premios monetarios y publicaci\u00f3n de la obra. El maldito Evangelio Insular (Poesia 2013) y La l\u00ednea que divide al mar (Cuento 2014).<\/span><\/p>\n<h5 style=\"text-align: justify;\"><b>Premios y reconocimientos<\/b><\/h5>\n<ul>\n<li style=\"text-align: justify;\"><span style=\"font-weight: 400;\">Ganador del primer lugar en categor\u00eda cuento \u00a0del II Certamen \u00a0Literario Jos\u00e9 Arrese en 2007<\/span><\/li>\n<li style=\"text-align: justify;\"><span style=\"font-weight: 400;\">Ganador del primer lugar del Certamen de narrativa er\u00f3tica \u201cLos cuerpos del deseo\u201d Miami, Florida 2012.<\/span><\/li>\n<li style=\"text-align: justify;\"><span style=\"font-weight: 400;\">Finalista del certamen de narrativa \u201cCuentos Pecaminosos\u201d \u00a02013.<\/span><\/li>\n<\/ul>\n","protected":false},"excerpt":{"rendered":"<p>[dropcap]C[\/dropcap]\u00e1rdenas, San Luis Potos\u00ed, \u00a0M\u00e9xico, 1971.\u00a0Estudi\u00f3 la licenciatura en derecho \u00a0en el Instituto de Ciencias y Estudios Superiores de Tamaulipas, \u00a0y recientemente obtuvo&hellip;<\/p>\n","protected":false},"author":1,"featured_media":0,"parent":18,"menu_order":0,"comment_status":"closed","ping_status":"closed","template":"page-templates\/no-sidebar.php","meta":{"footnotes":""},"coauthors":[],"class_list":["post-28","page","type-page","status-publish","hentry"],"jetpack_sharing_enabled":true,"_links":{"self":[{"href":"https:\/\/letrasenlafrontera.org\/index.php\/wp-json\/wp\/v2\/pages\/28","targetHints":{"allow":["GET"]}}],"collection":[{"href":"https:\/\/letrasenlafrontera.org\/index.php\/wp-json\/wp\/v2\/pages"}],"about":[{"href":"https:\/\/letrasenlafrontera.org\/index.php\/wp-json\/wp\/v2\/types\/page"}],"author":[{"embeddable":true,"href":"https:\/\/letrasenlafrontera.org\/index.php\/wp-json\/wp\/v2\/users\/1"}],"replies":[{"embeddable":true,"href":"https:\/\/letrasenlafrontera.org\/index.php\/wp-json\/wp\/v2\/comments?post=28"}],"version-history":[{"count":6,"href":"https:\/\/letrasenlafrontera.org\/index.php\/wp-json\/wp\/v2\/pages\/28\/revisions"}],"predecessor-version":[{"id":17123,"href":"https:\/\/letrasenlafrontera.org\/index.php\/wp-json\/wp\/v2\/pages\/28\/revisions\/17123"}],"up":[{"embeddable":true,"href":"https:\/\/letrasenlafrontera.org\/index.php\/wp-json\/wp\/v2\/pages\/18"}],"wp:attachment":[{"href":"https:\/\/letrasenlafrontera.org\/index.php\/wp-json\/wp\/v2\/media?parent=28"}],"wp:term":[{"taxonomy":"author","embeddable":true,"href":"https:\/\/letrasenlafrontera.org\/index.php\/wp-json\/wp\/v2\/coauthors?post=28"}],"curies":[{"name":"wp","href":"https:\/\/api.w.org\/{rel}","templated":true}]}}