{"id":21681,"date":"2026-02-05T22:07:06","date_gmt":"2026-02-05T22:07:06","guid":{"rendered":"https:\/\/letrasenlafrontera.org\/?page_id=21681"},"modified":"2026-02-05T22:07:07","modified_gmt":"2026-02-05T22:07:07","slug":"un-encuentro-casual","status":"publish","type":"page","link":"https:\/\/letrasenlafrontera.org\/index.php\/un-encuentro-casual\/","title":{"rendered":"Un encuentro casual"},"content":{"rendered":"\n<div class=\"wp-block-media-text is-stacked-on-mobile is-vertically-aligned-top\" style=\"grid-template-columns:32% auto\"><figure class=\"wp-block-media-text__media\"><img loading=\"lazy\" decoding=\"async\" width=\"700\" height=\"1027\" src=\"https:\/\/letrasenlafrontera.org\/wp-content\/uploads\/2026\/02\/Encuentro-700x1027.jpg\" alt=\"\" class=\"wp-image-21682 size-full\" srcset=\"https:\/\/letrasenlafrontera.org\/wp-content\/uploads\/2026\/02\/Encuentro-700x1027.jpg 700w, https:\/\/letrasenlafrontera.org\/wp-content\/uploads\/2026\/02\/Encuentro-205x300.jpg 205w, https:\/\/letrasenlafrontera.org\/wp-content\/uploads\/2026\/02\/Encuentro-768x1127.jpg 768w, https:\/\/letrasenlafrontera.org\/wp-content\/uploads\/2026\/02\/Encuentro.jpg 818w\" sizes=\"auto, (max-width: 700px) 100vw, 700px\" \/><\/figure><div class=\"wp-block-media-text__content\">\n<hr class=\"wp-block-separator has-text-color has-alpha-channel-opacity has-background is-style-wide\" style=\"background-color:#921868;color:#921868\"\/>\n\n\n\n<p>Nota Editorial<br>Letras en la Frontera se complace en presentar la colecci\u00f3n de cuentos Un encuentro casual de Bertha Jacobson y Guadalupe Mu\u00f1oz. Las historias de este libro recogen una multiplicidad de voces, entre las que destacan las de personajes femeninos. Historias de mujeres comunes, delineadas con destreza por sus autoras, con las que el lector podr\u00e1 sentir afinidad inmediata al asomarse a trav\u00e9s de estas p\u00e1ginas a sus vidas, sus amores, sus deseos, sus luchas y resiliencias. Las hermanas Bertha y Guadalupe comparten m\u00e1s all\u00e1 del lazo filial, el gusto por narrar y la complicidad de haber crecido juntas; el deseo de crear juntas. Este anhelo de escribir un libro a cuatro manos se materializa hoy con la publicaci\u00f3n bajo el sello Letras en la Frontera de Un encuentro casual. Libro con el que hacen su debut como coautoras y con el que se unen a la tradici\u00f3n de hermanas-escritoras, como Las Bront\u00eb: Emily y Charlotte. Para escribir estos relatos, Berta y Guadalupe han sabido capturar la esencia de la condici\u00f3n humana. Historias de apariencia com\u00fan y sencilla, bajo las cuales laten los grandes temas de la literatura. Han observado el mundo alrededor y puesto atenci\u00f3n a detalles que pasan desapercibidos para otros, pero no para el escritor; siempre alerta, quien sabe que puede encontrarse de frente con una historia a la vuelta de cualquier esquina, y que \u00e9sta puede presentarse en forma de un avasallante toro de lidia o como colibr\u00ed abrevando de la flor, y en ambos casos, no deja de ser un evento afortunado y casual. Auguro que este no ser\u00e1 el \u00fanico trabajo que nos presenten juntas.<\/p>\n\n\n\n<p>Alfredo \u00c1valos<br>San Antonio, TX. 23 de agosto, 2024<\/p>\n\n\n\n<hr class=\"wp-block-separator has-text-color has-alpha-channel-opacity has-background is-style-wide\" style=\"background-color:#921868;color:#921868\"\/>\n\n\n\n<p class=\"has-text-align-justify\"><strong>Autor: <\/strong>Bertha Jacoson y Guadalupe Mu\u00f1oz<\/p>\n\n\n\n<p class=\"has-text-align-justify\"><strong>Editorial: <\/strong>Letras en la frontera<\/p>\n\n\n\n<p><strong>Cuento <\/strong>\u25cf <strong>2024 <\/strong><\/p>\n<\/div><\/div>\n\n\n\n<p><\/p>\n","protected":false},"excerpt":{"rendered":"","protected":false},"author":4790,"featured_media":0,"parent":0,"menu_order":0,"comment_status":"closed","ping_status":"closed","template":"","meta":{"footnotes":""},"coauthors":[320],"class_list":["post-21681","page","type-page","status-publish","hentry"],"jetpack_sharing_enabled":true,"_links":{"self":[{"href":"https:\/\/letrasenlafrontera.org\/index.php\/wp-json\/wp\/v2\/pages\/21681","targetHints":{"allow":["GET"]}}],"collection":[{"href":"https:\/\/letrasenlafrontera.org\/index.php\/wp-json\/wp\/v2\/pages"}],"about":[{"href":"https:\/\/letrasenlafrontera.org\/index.php\/wp-json\/wp\/v2\/types\/page"}],"author":[{"embeddable":true,"href":"https:\/\/letrasenlafrontera.org\/index.php\/wp-json\/wp\/v2\/users\/4790"}],"replies":[{"embeddable":true,"href":"https:\/\/letrasenlafrontera.org\/index.php\/wp-json\/wp\/v2\/comments?post=21681"}],"version-history":[{"count":1,"href":"https:\/\/letrasenlafrontera.org\/index.php\/wp-json\/wp\/v2\/pages\/21681\/revisions"}],"predecessor-version":[{"id":21684,"href":"https:\/\/letrasenlafrontera.org\/index.php\/wp-json\/wp\/v2\/pages\/21681\/revisions\/21684"}],"wp:attachment":[{"href":"https:\/\/letrasenlafrontera.org\/index.php\/wp-json\/wp\/v2\/media?parent=21681"}],"wp:term":[{"taxonomy":"author","embeddable":true,"href":"https:\/\/letrasenlafrontera.org\/index.php\/wp-json\/wp\/v2\/coauthors?post=21681"}],"curies":[{"name":"wp","href":"https:\/\/api.w.org\/{rel}","templated":true}]}}