{"id":21661,"date":"2026-02-02T20:17:10","date_gmt":"2026-02-02T20:17:10","guid":{"rendered":"https:\/\/letrasenlafrontera.org\/?page_id=21661"},"modified":"2026-02-02T21:01:19","modified_gmt":"2026-02-02T21:01:19","slug":"el-factor-humano-2","status":"publish","type":"page","link":"https:\/\/letrasenlafrontera.org\/index.php\/libros-libros\/el-factor-humano-2\/","title":{"rendered":"El factor humano"},"content":{"rendered":"\n<div class=\"wp-block-media-text is-stacked-on-mobile is-vertically-aligned-top\" style=\"grid-template-columns:32% auto\"><figure class=\"wp-block-media-text__media\"><img loading=\"lazy\" decoding=\"async\" width=\"700\" height=\"1027\" src=\"https:\/\/letrasenlafrontera.org\/wp-content\/uploads\/2026\/02\/Factor-700x1027.jpg\" alt=\"\" class=\"wp-image-21662 size-full\" srcset=\"https:\/\/letrasenlafrontera.org\/wp-content\/uploads\/2026\/02\/Factor-700x1027.jpg 700w, https:\/\/letrasenlafrontera.org\/wp-content\/uploads\/2026\/02\/Factor-205x300.jpg 205w, https:\/\/letrasenlafrontera.org\/wp-content\/uploads\/2026\/02\/Factor-768x1127.jpg 768w, https:\/\/letrasenlafrontera.org\/wp-content\/uploads\/2026\/02\/Factor.jpg 818w\" sizes=\"auto, (max-width: 700px) 100vw, 700px\" \/><\/figure><div class=\"wp-block-media-text__content\">\n<hr class=\"wp-block-separator has-text-color has-black-color has-alpha-channel-opacity has-black-background-color has-background is-style-wide\"\/>\n\n\n\n<p>El factor humano, de Rebecca Bowman, es una novela que toma como base la experimentaci\u00f3n m\u00e9dica llevada a cabo por el gobierno estadounidense en los a\u00f1os cuarenta, en Guatemala, y teje una narrativa imaginaria en un Puerto de Tampico ficcional. La trama no solo sigue los pasos de los cient\u00edficos y funcionarios detr\u00e1s de los experimentos, sino que tambi\u00e9n da voz a las v\u00edctimas. La autora desaf\u00eda, as\u00ed, las nociones preconcebidas sobre clases sociales, g\u00e9nero y generaciones; explora las complejidades de la sociedad mexicana y su relaci\u00f3n con los Estados Unidos; indaga en la naturaleza del mal y deja al lector la reflexi\u00f3n sobre las implicaciones \u00e9ticas y morales de la ciencia y el poder.<\/p>\n\n\n\n<hr class=\"wp-block-separator has-text-color has-black-color has-alpha-channel-opacity has-black-background-color has-background is-style-wide\"\/>\n\n\n\n<p class=\"has-text-align-justify\"><strong>Autor:<\/strong> Rebecca Bowman<\/p>\n\n\n\n<p class=\"has-text-align-justify\"><strong>Editorial: <\/strong>Letras en la Frontera<\/p>\n\n\n\n<p><strong>Novela <\/strong>\u25cf <strong>2024<\/strong><\/p>\n<\/div><\/div>\n","protected":false},"excerpt":{"rendered":"","protected":false},"author":4790,"featured_media":0,"parent":18966,"menu_order":20,"comment_status":"closed","ping_status":"closed","template":"","meta":{"footnotes":""},"coauthors":[320],"class_list":["post-21661","page","type-page","status-publish","hentry"],"jetpack_sharing_enabled":true,"_links":{"self":[{"href":"https:\/\/letrasenlafrontera.org\/index.php\/wp-json\/wp\/v2\/pages\/21661","targetHints":{"allow":["GET"]}}],"collection":[{"href":"https:\/\/letrasenlafrontera.org\/index.php\/wp-json\/wp\/v2\/pages"}],"about":[{"href":"https:\/\/letrasenlafrontera.org\/index.php\/wp-json\/wp\/v2\/types\/page"}],"author":[{"embeddable":true,"href":"https:\/\/letrasenlafrontera.org\/index.php\/wp-json\/wp\/v2\/users\/4790"}],"replies":[{"embeddable":true,"href":"https:\/\/letrasenlafrontera.org\/index.php\/wp-json\/wp\/v2\/comments?post=21661"}],"version-history":[{"count":1,"href":"https:\/\/letrasenlafrontera.org\/index.php\/wp-json\/wp\/v2\/pages\/21661\/revisions"}],"predecessor-version":[{"id":21664,"href":"https:\/\/letrasenlafrontera.org\/index.php\/wp-json\/wp\/v2\/pages\/21661\/revisions\/21664"}],"up":[{"embeddable":true,"href":"https:\/\/letrasenlafrontera.org\/index.php\/wp-json\/wp\/v2\/pages\/18966"}],"wp:attachment":[{"href":"https:\/\/letrasenlafrontera.org\/index.php\/wp-json\/wp\/v2\/media?parent=21661"}],"wp:term":[{"taxonomy":"author","embeddable":true,"href":"https:\/\/letrasenlafrontera.org\/index.php\/wp-json\/wp\/v2\/coauthors?post=21661"}],"curies":[{"name":"wp","href":"https:\/\/api.w.org\/{rel}","templated":true}]}}