{"id":21657,"date":"2026-02-02T20:06:47","date_gmt":"2026-02-02T20:06:47","guid":{"rendered":"https:\/\/letrasenlafrontera.org\/?page_id=21657"},"modified":"2026-02-05T21:43:07","modified_gmt":"2026-02-05T21:43:07","slug":"cosecha-de-verano","status":"publish","type":"page","link":"https:\/\/letrasenlafrontera.org\/index.php\/cosecha-de-verano\/","title":{"rendered":"Cosecha de verano"},"content":{"rendered":"\n<div class=\"wp-block-media-text is-stacked-on-mobile is-vertically-aligned-top\" style=\"grid-template-columns:32% auto\"><figure class=\"wp-block-media-text__media\"><img loading=\"lazy\" decoding=\"async\" width=\"700\" height=\"1027\" src=\"https:\/\/letrasenlafrontera.org\/wp-content\/uploads\/2026\/02\/Cosecha-700x1027.jpg\" alt=\"\" class=\"wp-image-21658 size-full\" srcset=\"https:\/\/letrasenlafrontera.org\/wp-content\/uploads\/2026\/02\/Cosecha-700x1027.jpg 700w, https:\/\/letrasenlafrontera.org\/wp-content\/uploads\/2026\/02\/Cosecha-205x300.jpg 205w, https:\/\/letrasenlafrontera.org\/wp-content\/uploads\/2026\/02\/Cosecha-768x1127.jpg 768w, https:\/\/letrasenlafrontera.org\/wp-content\/uploads\/2026\/02\/Cosecha.jpg 818w\" sizes=\"auto, (max-width: 700px) 100vw, 700px\" \/><\/figure><div class=\"wp-block-media-text__content\">\n<hr class=\"wp-block-separator has-text-color has-alpha-channel-opacity has-background is-style-wide\" style=\"background-color:#346437;color:#346437\"\/>\n\n\n\n<p>Cosecha de verano, ganadora del \u201cPremio Nacional de Novela Breve Rosario Castellanos 2010\u201d, es un texto asombrosamente hermoso de pinceladas magistrales que captan la din\u00e1mica familiar en una atm\u00f3sfera rural. La voz poderosa y original de Isaura Contreras explora recuerdos, anhelos, resentimientos y rivalidades y evoca aquella etapa en la vida cuando se despierta la sensualidad. De encanto universal, este relato a cargo de una joven narradora protagonista intriga y emociona. El lenguaje de Contreras es exacto y depurado. El formato de esta edici\u00f3n (Bric-a-Brac Press, 2024), con el texto original en espa\u00f1ol en una p\u00e1gina y su traducci\u00f3n en la p\u00e1gina enfrentada, introduce el arte de Contreras al p\u00fablico angloparlante y le permite al lector apreciar a\u00fan m\u00e1s la poes\u00eda de la prosa de la autora.<\/p>\n\n\n\n<hr class=\"wp-block-separator has-text-color has-alpha-channel-opacity has-background is-style-wide\" style=\"background-color:#346437;color:#346437\"\/>\n\n\n\n<p class=\"has-text-align-justify\"><strong>Autor: <\/strong>Isaura Contreras<\/p>\n\n\n\n<p class=\"has-text-align-justify\"><strong>Editorial: <\/strong>Bric-a-Brac<\/p>\n\n\n\n<p><strong>Novela <\/strong>\u25cf <strong>2024<\/strong><\/p>\n<\/div><\/div>\n","protected":false},"excerpt":{"rendered":"","protected":false},"author":4790,"featured_media":0,"parent":0,"menu_order":0,"comment_status":"closed","ping_status":"closed","template":"","meta":{"footnotes":""},"coauthors":[320],"class_list":["post-21657","page","type-page","status-publish","hentry"],"jetpack_sharing_enabled":true,"_links":{"self":[{"href":"https:\/\/letrasenlafrontera.org\/index.php\/wp-json\/wp\/v2\/pages\/21657","targetHints":{"allow":["GET"]}}],"collection":[{"href":"https:\/\/letrasenlafrontera.org\/index.php\/wp-json\/wp\/v2\/pages"}],"about":[{"href":"https:\/\/letrasenlafrontera.org\/index.php\/wp-json\/wp\/v2\/types\/page"}],"author":[{"embeddable":true,"href":"https:\/\/letrasenlafrontera.org\/index.php\/wp-json\/wp\/v2\/users\/4790"}],"replies":[{"embeddable":true,"href":"https:\/\/letrasenlafrontera.org\/index.php\/wp-json\/wp\/v2\/comments?post=21657"}],"version-history":[{"count":2,"href":"https:\/\/letrasenlafrontera.org\/index.php\/wp-json\/wp\/v2\/pages\/21657\/revisions"}],"predecessor-version":[{"id":21680,"href":"https:\/\/letrasenlafrontera.org\/index.php\/wp-json\/wp\/v2\/pages\/21657\/revisions\/21680"}],"wp:attachment":[{"href":"https:\/\/letrasenlafrontera.org\/index.php\/wp-json\/wp\/v2\/media?parent=21657"}],"wp:term":[{"taxonomy":"author","embeddable":true,"href":"https:\/\/letrasenlafrontera.org\/index.php\/wp-json\/wp\/v2\/coauthors?post=21657"}],"curies":[{"name":"wp","href":"https:\/\/api.w.org\/{rel}","templated":true}]}}