{"id":21652,"date":"2026-02-02T20:02:40","date_gmt":"2026-02-02T20:02:40","guid":{"rendered":"https:\/\/letrasenlafrontera.org\/?page_id=21652"},"modified":"2026-02-02T21:01:48","modified_gmt":"2026-02-02T21:01:48","slug":"a-la-medianoche-solo-los-perros-ladran","status":"publish","type":"page","link":"https:\/\/letrasenlafrontera.org\/index.php\/libros-libros\/a-la-medianoche-solo-los-perros-ladran\/","title":{"rendered":"A la medianoche s\u00f3lo los perros ladran"},"content":{"rendered":"\n<div class=\"wp-block-media-text is-stacked-on-mobile is-vertically-aligned-top\" style=\"grid-template-columns:32% auto\"><figure class=\"wp-block-media-text__media\"><img loading=\"lazy\" decoding=\"async\" width=\"700\" height=\"1027\" src=\"https:\/\/letrasenlafrontera.org\/wp-content\/uploads\/2026\/02\/A-la-medianoche-700x1027.jpg\" alt=\"\" class=\"wp-image-21654 size-full\" srcset=\"https:\/\/letrasenlafrontera.org\/wp-content\/uploads\/2026\/02\/A-la-medianoche-700x1027.jpg 700w, https:\/\/letrasenlafrontera.org\/wp-content\/uploads\/2026\/02\/A-la-medianoche-205x300.jpg 205w, https:\/\/letrasenlafrontera.org\/wp-content\/uploads\/2026\/02\/A-la-medianoche-768x1127.jpg 768w, https:\/\/letrasenlafrontera.org\/wp-content\/uploads\/2026\/02\/A-la-medianoche.jpg 818w\" sizes=\"auto, (max-width: 700px) 100vw, 700px\" \/><\/figure><div class=\"wp-block-media-text__content\">\n<hr class=\"wp-block-separator has-text-color has-black-color has-alpha-channel-opacity has-black-background-color has-background is-style-wide\"\/>\n\n\n\n<p>&#8220;Cada poema entrega a tiempo<br>y en su momento los par\u00e1metros<br>necesarios para la integraci\u00f3n<br>del todo, ese que se esconde en<br>el l\u00e9gamo y emerge con fuerza<br>para salpicarnos y dejar huella<br>indeleble en las corazas de<br>nuestra individualidad, en las<br>mordazas de nuestra dualidad.&#8221;<\/p>\n\n\n\n<hr class=\"wp-block-separator has-text-color has-black-color has-alpha-channel-opacity has-black-background-color has-background is-style-wide\"\/>\n\n\n\n<p class=\"has-text-align-justify\"><strong>Autor: <\/strong>Luc\u00eda Y\u00e9pez<\/p>\n\n\n\n<p class=\"has-text-align-justify\"><strong>Editorial: <\/strong>Letras en la frontera<\/p>\n\n\n\n<p><strong>Poes\u00eda <\/strong>\u25cf <strong>2025 <\/strong><\/p>\n<\/div><\/div>\n","protected":false},"excerpt":{"rendered":"","protected":false},"author":4790,"featured_media":0,"parent":18966,"menu_order":20,"comment_status":"closed","ping_status":"closed","template":"","meta":{"footnotes":""},"coauthors":[320],"class_list":["post-21652","page","type-page","status-publish","hentry"],"jetpack_sharing_enabled":true,"_links":{"self":[{"href":"https:\/\/letrasenlafrontera.org\/index.php\/wp-json\/wp\/v2\/pages\/21652","targetHints":{"allow":["GET"]}}],"collection":[{"href":"https:\/\/letrasenlafrontera.org\/index.php\/wp-json\/wp\/v2\/pages"}],"about":[{"href":"https:\/\/letrasenlafrontera.org\/index.php\/wp-json\/wp\/v2\/types\/page"}],"author":[{"embeddable":true,"href":"https:\/\/letrasenlafrontera.org\/index.php\/wp-json\/wp\/v2\/users\/4790"}],"replies":[{"embeddable":true,"href":"https:\/\/letrasenlafrontera.org\/index.php\/wp-json\/wp\/v2\/comments?post=21652"}],"version-history":[{"count":1,"href":"https:\/\/letrasenlafrontera.org\/index.php\/wp-json\/wp\/v2\/pages\/21652\/revisions"}],"predecessor-version":[{"id":21656,"href":"https:\/\/letrasenlafrontera.org\/index.php\/wp-json\/wp\/v2\/pages\/21652\/revisions\/21656"}],"up":[{"embeddable":true,"href":"https:\/\/letrasenlafrontera.org\/index.php\/wp-json\/wp\/v2\/pages\/18966"}],"wp:attachment":[{"href":"https:\/\/letrasenlafrontera.org\/index.php\/wp-json\/wp\/v2\/media?parent=21652"}],"wp:term":[{"taxonomy":"author","embeddable":true,"href":"https:\/\/letrasenlafrontera.org\/index.php\/wp-json\/wp\/v2\/coauthors?post=21652"}],"curies":[{"name":"wp","href":"https:\/\/api.w.org\/{rel}","templated":true}]}}