{"id":21648,"date":"2026-02-02T19:56:05","date_gmt":"2026-02-02T19:56:05","guid":{"rendered":"https:\/\/letrasenlafrontera.org\/?page_id=21648"},"modified":"2026-02-02T19:56:36","modified_gmt":"2026-02-02T19:56:36","slug":"las-edades-del-enigma","status":"publish","type":"page","link":"https:\/\/letrasenlafrontera.org\/index.php\/las-edades-del-enigma\/","title":{"rendered":"Las edades del enigma"},"content":{"rendered":"\n<div class=\"wp-block-media-text is-stacked-on-mobile is-vertically-aligned-top\" style=\"grid-template-columns:32% auto\"><figure class=\"wp-block-media-text__media\"><img loading=\"lazy\" decoding=\"async\" width=\"700\" height=\"1027\" src=\"https:\/\/letrasenlafrontera.org\/wp-content\/uploads\/2026\/02\/Edades-700x1027.jpg\" alt=\"\" class=\"wp-image-21649 size-full\" srcset=\"https:\/\/letrasenlafrontera.org\/wp-content\/uploads\/2026\/02\/Edades-700x1027.jpg 700w, https:\/\/letrasenlafrontera.org\/wp-content\/uploads\/2026\/02\/Edades-205x300.jpg 205w, https:\/\/letrasenlafrontera.org\/wp-content\/uploads\/2026\/02\/Edades-768x1127.jpg 768w, https:\/\/letrasenlafrontera.org\/wp-content\/uploads\/2026\/02\/Edades.jpg 818w\" sizes=\"auto, (max-width: 700px) 100vw, 700px\" \/><\/figure><div class=\"wp-block-media-text__content\">\n<hr class=\"wp-block-separator has-text-color has-black-color has-alpha-channel-opacity has-black-background-color has-background is-style-wide\"\/>\n\n\n\n<p>En este libro se enlazan brillantes aforismos que sintetizan la vida, entre personajes humanos y felinos: comparten, todos, un apego hacia el lenguaje, pero en especial \u2013y acaso m\u00e1s revelador\u2013 hacia el silencio. En mesurados di\u00e1logos y hondos soliloquios, Dayd\u00ed-Tolson gu\u00eda a su lector por la aparente dispersi\u00f3n de la memoria hacia un espacio cada vez m\u00e1s infinito. Con la pericia del hombre que ha le\u00eddo mucho y andado mucho (a la manera del Quijote), se sienta con nosotros a presidir la ausencia antes de concluir con una sentencia tan sencilla como cierta: &#8220;No pasa el tiempo en la muerte&#8221;. Marisol Vera Guerra.<br>Veintitr\u00e9s historias de alta manufactura fluyen con naturalidad combinando ficci\u00f3n y memoria personal, en las que queda evidente la vocaci\u00f3n literaria que ha marcado el destino de su autor, la elegancia del lenguaje, la cadencia exquisita y discreta que a lo largo de tantos a\u00f1os ha logrado establecer como su sello personal. Alfredo \u00c1valos<\/p>\n\n\n\n<hr class=\"wp-block-separator has-text-color has-black-color has-alpha-channel-opacity has-black-background-color has-background is-style-wide\"\/>\n\n\n\n<p class=\"has-text-align-justify\"><strong>Autor: <\/strong>Santiago Dayd\u00ed-Tolson<\/p>\n\n\n\n<p class=\"has-text-align-justify\"><strong>Editorial: <\/strong>Letras en la frontera<\/p>\n\n\n\n<p><strong>Cuentos <\/strong>\u25cf <strong>2021 <\/strong><\/p>\n<\/div><\/div>\n","protected":false},"excerpt":{"rendered":"","protected":false},"author":4790,"featured_media":0,"parent":0,"menu_order":0,"comment_status":"closed","ping_status":"closed","template":"","meta":{"footnotes":""},"coauthors":[320],"class_list":["post-21648","page","type-page","status-publish","hentry"],"jetpack_sharing_enabled":true,"_links":{"self":[{"href":"https:\/\/letrasenlafrontera.org\/index.php\/wp-json\/wp\/v2\/pages\/21648","targetHints":{"allow":["GET"]}}],"collection":[{"href":"https:\/\/letrasenlafrontera.org\/index.php\/wp-json\/wp\/v2\/pages"}],"about":[{"href":"https:\/\/letrasenlafrontera.org\/index.php\/wp-json\/wp\/v2\/types\/page"}],"author":[{"embeddable":true,"href":"https:\/\/letrasenlafrontera.org\/index.php\/wp-json\/wp\/v2\/users\/4790"}],"replies":[{"embeddable":true,"href":"https:\/\/letrasenlafrontera.org\/index.php\/wp-json\/wp\/v2\/comments?post=21648"}],"version-history":[{"count":1,"href":"https:\/\/letrasenlafrontera.org\/index.php\/wp-json\/wp\/v2\/pages\/21648\/revisions"}],"predecessor-version":[{"id":21651,"href":"https:\/\/letrasenlafrontera.org\/index.php\/wp-json\/wp\/v2\/pages\/21648\/revisions\/21651"}],"wp:attachment":[{"href":"https:\/\/letrasenlafrontera.org\/index.php\/wp-json\/wp\/v2\/media?parent=21648"}],"wp:term":[{"taxonomy":"author","embeddable":true,"href":"https:\/\/letrasenlafrontera.org\/index.php\/wp-json\/wp\/v2\/coauthors?post=21648"}],"curies":[{"name":"wp","href":"https:\/\/api.w.org\/{rel}","templated":true}]}}