{"id":21606,"date":"2026-01-30T21:16:38","date_gmt":"2026-01-30T21:16:38","guid":{"rendered":"https:\/\/letrasenlafrontera.org\/?page_id=21606"},"modified":"2026-01-30T21:20:12","modified_gmt":"2026-01-30T21:20:12","slug":"si-la-muerte-se-enamora-de-mi","status":"publish","type":"page","link":"https:\/\/letrasenlafrontera.org\/index.php\/si-la-muerte-se-enamora-de-mi\/","title":{"rendered":"Si la muerte se enamora de m\u00ed"},"content":{"rendered":"\n<div class=\"wp-block-media-text is-stacked-on-mobile is-vertically-aligned-top\" style=\"grid-template-columns:32% auto\"><figure class=\"wp-block-media-text__media\"><img loading=\"lazy\" decoding=\"async\" width=\"700\" height=\"1027\" src=\"https:\/\/letrasenlafrontera.org\/wp-content\/uploads\/2026\/01\/Copy-of-Voyeur-700x1027.jpg\" alt=\"\" class=\"wp-image-21607 size-full\" srcset=\"https:\/\/letrasenlafrontera.org\/wp-content\/uploads\/2026\/01\/Copy-of-Voyeur-700x1027.jpg 700w, https:\/\/letrasenlafrontera.org\/wp-content\/uploads\/2026\/01\/Copy-of-Voyeur-205x300.jpg 205w, https:\/\/letrasenlafrontera.org\/wp-content\/uploads\/2026\/01\/Copy-of-Voyeur-768x1127.jpg 768w, https:\/\/letrasenlafrontera.org\/wp-content\/uploads\/2026\/01\/Copy-of-Voyeur.jpg 818w\" sizes=\"auto, (max-width: 700px) 100vw, 700px\" \/><\/figure><div class=\"wp-block-media-text__content\">\n<hr class=\"wp-block-separator has-text-color has-alpha-channel-opacity has-background is-style-wide\" style=\"background-color:#91166e;color:#91166e\"\/>\n\n\n\n<p>Si la muerte se enamora de m\u00ed es uno de esos libros que deben releerse peri\u00f3dicamente para tratar de conocer todos sus secretos, a riesgo de que nos d\u00e9 nuevas preguntas; que posee un desarrollo l\u00f3gico impecable que nos lleva de una realidad gris en la que es muy f\u00e1cil reconocernos, pero que verso tras verso culmina con uno de los cierres m\u00e1s luminosos de la poes\u00eda mexicana actual.<\/p>\n\n\n\n<hr class=\"wp-block-separator has-text-color has-alpha-channel-opacity has-background is-style-wide\" style=\"background-color:#91166e;color:#91166e\"\/>\n\n\n\n<p class=\"has-text-align-justify\"><strong>Autor: <\/strong>Marisol Vera Guerra<\/p>\n\n\n\n<p class=\"has-text-align-justify\"><strong>Editorial: <\/strong>Letras en la frontera<\/p>\n\n\n\n<p><strong>Poes\u00eda <\/strong>\u25cf <strong>2021 <\/strong><\/p>\n<\/div><\/div>\n\n\n\n<p><\/p>\n","protected":false},"excerpt":{"rendered":"","protected":false},"author":4790,"featured_media":0,"parent":0,"menu_order":0,"comment_status":"closed","ping_status":"closed","template":"","meta":{"footnotes":""},"coauthors":[320],"class_list":["post-21606","page","type-page","status-publish","hentry"],"jetpack_sharing_enabled":true,"_links":{"self":[{"href":"https:\/\/letrasenlafrontera.org\/index.php\/wp-json\/wp\/v2\/pages\/21606","targetHints":{"allow":["GET"]}}],"collection":[{"href":"https:\/\/letrasenlafrontera.org\/index.php\/wp-json\/wp\/v2\/pages"}],"about":[{"href":"https:\/\/letrasenlafrontera.org\/index.php\/wp-json\/wp\/v2\/types\/page"}],"author":[{"embeddable":true,"href":"https:\/\/letrasenlafrontera.org\/index.php\/wp-json\/wp\/v2\/users\/4790"}],"replies":[{"embeddable":true,"href":"https:\/\/letrasenlafrontera.org\/index.php\/wp-json\/wp\/v2\/comments?post=21606"}],"version-history":[{"count":2,"href":"https:\/\/letrasenlafrontera.org\/index.php\/wp-json\/wp\/v2\/pages\/21606\/revisions"}],"predecessor-version":[{"id":21612,"href":"https:\/\/letrasenlafrontera.org\/index.php\/wp-json\/wp\/v2\/pages\/21606\/revisions\/21612"}],"wp:attachment":[{"href":"https:\/\/letrasenlafrontera.org\/index.php\/wp-json\/wp\/v2\/media?parent=21606"}],"wp:term":[{"taxonomy":"author","embeddable":true,"href":"https:\/\/letrasenlafrontera.org\/index.php\/wp-json\/wp\/v2\/coauthors?post=21606"}],"curies":[{"name":"wp","href":"https:\/\/api.w.org\/{rel}","templated":true}]}}