{"id":19104,"date":"2024-02-07T20:12:20","date_gmt":"2024-02-07T20:12:20","guid":{"rendered":"https:\/\/letrasenlafrontera.org\/?page_id=19104"},"modified":"2024-02-07T20:12:22","modified_gmt":"2024-02-07T20:12:22","slug":"voyeur","status":"publish","type":"page","link":"https:\/\/letrasenlafrontera.org\/index.php\/voyeur\/","title":{"rendered":"Voyeur"},"content":{"rendered":"\n<div class=\"wp-block-media-text is-stacked-on-mobile is-vertically-aligned-top\" style=\"grid-template-columns:39% auto\"><figure class=\"wp-block-media-text__media\"><img loading=\"lazy\" decoding=\"async\" width=\"700\" height=\"1027\" src=\"https:\/\/letrasenlafrontera.org\/wp-content\/uploads\/2024\/02\/Untitled-design-2-700x1027.png\" alt=\"\" class=\"wp-image-19105 size-full\" srcset=\"https:\/\/letrasenlafrontera.org\/wp-content\/uploads\/2024\/02\/Untitled-design-2-700x1027.png 700w, https:\/\/letrasenlafrontera.org\/wp-content\/uploads\/2024\/02\/Untitled-design-2-205x300.png 205w, https:\/\/letrasenlafrontera.org\/wp-content\/uploads\/2024\/02\/Untitled-design-2.png 720w\" sizes=\"auto, (max-width: 700px) 100vw, 700px\" \/><\/figure><div class=\"wp-block-media-text__content\">\n<hr class=\"wp-block-separator has-text-color has-alpha-channel-opacity has-background is-style-wide\" style=\"background-color:#354db7;color:#354db7\"\/>\n\n\n\n<p class=\"has-text-align-justify\">Voyeur es una colecci\u00f3n de doce cuentos en donde el escritor se asoma a la intimidad de los dem\u00e1s para develar realidades ajenas. En ese proceso de observaci\u00f3n, donde los personajes parecieran darse cuenta de que son objeto de observaci\u00f3n minuciosa, el autor se hunde en los placeres de la iron\u00eda, en la t\u00e9cnica de la hip\u00e9rbole, para contar los detalles que eran ajenos hasta el momento de apropiarse de ellos. Por instantes, el lector cruza la l\u00ednea fronteriza \u2014delgada, voluptuosa, decisiva\u2014 entre la met\u00e1fora cotidiana y la est\u00e9tica de lo absurdo, termina creyendo aquellos elementos inconcebibles que el escritor narra con la naturalidad que le concede el descaro de la experiencia narrativa. El narrador es un mentiroso a quien se le cree.<\/p>\n\n\n\n<hr class=\"wp-block-separator has-text-color has-alpha-channel-opacity has-background is-style-wide\" style=\"background-color:#354db7;color:#354db7\"\/>\n\n\n\n<p><strong>Autor:<\/strong> Alfredo \u00c1valos<\/p>\n\n\n\n<p><strong>Editorial:<\/strong> Letras en la frontera<\/p>\n\n\n\n<p><strong>Cuentos \u25cf 2019<\/strong> <\/p>\n<\/div><\/div>\n","protected":false},"excerpt":{"rendered":"","protected":false},"author":4790,"featured_media":0,"parent":0,"menu_order":0,"comment_status":"closed","ping_status":"closed","template":"","meta":{"footnotes":""},"coauthors":[],"class_list":["post-19104","page","type-page","status-publish","hentry"],"jetpack_sharing_enabled":true,"_links":{"self":[{"href":"https:\/\/letrasenlafrontera.org\/index.php\/wp-json\/wp\/v2\/pages\/19104","targetHints":{"allow":["GET"]}}],"collection":[{"href":"https:\/\/letrasenlafrontera.org\/index.php\/wp-json\/wp\/v2\/pages"}],"about":[{"href":"https:\/\/letrasenlafrontera.org\/index.php\/wp-json\/wp\/v2\/types\/page"}],"author":[{"embeddable":true,"href":"https:\/\/letrasenlafrontera.org\/index.php\/wp-json\/wp\/v2\/users\/4790"}],"replies":[{"embeddable":true,"href":"https:\/\/letrasenlafrontera.org\/index.php\/wp-json\/wp\/v2\/comments?post=19104"}],"version-history":[{"count":1,"href":"https:\/\/letrasenlafrontera.org\/index.php\/wp-json\/wp\/v2\/pages\/19104\/revisions"}],"predecessor-version":[{"id":19107,"href":"https:\/\/letrasenlafrontera.org\/index.php\/wp-json\/wp\/v2\/pages\/19104\/revisions\/19107"}],"wp:attachment":[{"href":"https:\/\/letrasenlafrontera.org\/index.php\/wp-json\/wp\/v2\/media?parent=19104"}],"wp:term":[{"taxonomy":"author","embeddable":true,"href":"https:\/\/letrasenlafrontera.org\/index.php\/wp-json\/wp\/v2\/coauthors?post=19104"}],"curies":[{"name":"wp","href":"https:\/\/api.w.org\/{rel}","templated":true}]}}