{"id":19087,"date":"2024-02-06T20:57:14","date_gmt":"2024-02-06T20:57:14","guid":{"rendered":"https:\/\/letrasenlafrontera.org\/?page_id=19087"},"modified":"2024-02-07T18:43:02","modified_gmt":"2024-02-07T18:43:02","slug":"texas-la-experiencia-bilingue","status":"publish","type":"page","link":"https:\/\/letrasenlafrontera.org\/index.php\/texas-la-experiencia-bilingue\/","title":{"rendered":"Texas, la experiencia biling\u00fce"},"content":{"rendered":"\n<div class=\"wp-block-media-text is-stacked-on-mobile is-vertically-aligned-top\" style=\"grid-template-columns:30% auto\"><figure class=\"wp-block-media-text__media\"><img loading=\"lazy\" decoding=\"async\" width=\"700\" height=\"1027\" src=\"https:\/\/letrasenlafrontera.org\/wp-content\/uploads\/2024\/02\/LELF-Libro-700x1027.png\" alt=\"\" class=\"wp-image-19074 size-full\" srcset=\"https:\/\/letrasenlafrontera.org\/wp-content\/uploads\/2024\/02\/LELF-Libro-700x1027.png 700w, https:\/\/letrasenlafrontera.org\/wp-content\/uploads\/2024\/02\/LELF-Libro-205x300.png 205w, https:\/\/letrasenlafrontera.org\/wp-content\/uploads\/2024\/02\/LELF-Libro-768x1127.png 768w, https:\/\/letrasenlafrontera.org\/wp-content\/uploads\/2024\/02\/LELF-Libro.png 818w\" sizes=\"auto, (max-width: 700px) 100vw, 700px\" \/><\/figure><div class=\"wp-block-media-text__content\">\n<hr class=\"wp-block-separator has-text-color has-alpha-channel-opacity has-background is-style-wide\" style=\"background-color:#81b3a1f7;color:#81b3a1f7\"\/>\n\n\n\n<p class=\"has-text-align-justify\">No poder hablar es casi un dejar de ser uno mismo, es una forma de desarraigo, un caer en lo vac\u00edo de lo que no significa. Tal es la experiencia traum\u00e1tica y vital de quienes dejan la patria que agobia para adoptar otra que, a lo mejor, aunque menos mezquina, se muestra inaccessible porque es otra la lengua que la nombra y la constituye. De ese enfrentarse mudo al mundo nuevo hablan los textos personal\u00edsimos de autores convocados por Letras de la Frontera para celebrar con esta colecci\u00f3n dedicada a la experiencia biling\u00fce en San Antonio los setenta y cinco a\u00f1os de la influyente presencia en la ciudad de la Universidad Nacional Aut\u00f3noma de M\u00e9xico.<\/p>\n\n\n\n<hr class=\"wp-block-separator has-text-color has-alpha-channel-opacity has-background is-style-wide\" style=\"background-color:#81b3a1f7;color:#81b3a1f7\"\/>\n\n\n\n<p><strong>Autor:<\/strong>&nbsp;M\u00faltiples Escritores<\/p>\n\n\n\n<p><strong>Editorial:<\/strong>&nbsp;Letras en la frontera<\/p>\n\n\n\n<p><strong>Poes\u00eda \u2013 Cuento<\/strong> \u25cf <strong>2020<\/strong><\/p>\n<\/div><\/div>\n","protected":false},"excerpt":{"rendered":"","protected":false},"author":4790,"featured_media":0,"parent":0,"menu_order":0,"comment_status":"closed","ping_status":"closed","template":"","meta":{"footnotes":""},"coauthors":[],"class_list":["post-19087","page","type-page","status-publish","hentry"],"jetpack_sharing_enabled":true,"_links":{"self":[{"href":"https:\/\/letrasenlafrontera.org\/index.php\/wp-json\/wp\/v2\/pages\/19087","targetHints":{"allow":["GET"]}}],"collection":[{"href":"https:\/\/letrasenlafrontera.org\/index.php\/wp-json\/wp\/v2\/pages"}],"about":[{"href":"https:\/\/letrasenlafrontera.org\/index.php\/wp-json\/wp\/v2\/types\/page"}],"author":[{"embeddable":true,"href":"https:\/\/letrasenlafrontera.org\/index.php\/wp-json\/wp\/v2\/users\/4790"}],"replies":[{"embeddable":true,"href":"https:\/\/letrasenlafrontera.org\/index.php\/wp-json\/wp\/v2\/comments?post=19087"}],"version-history":[{"count":2,"href":"https:\/\/letrasenlafrontera.org\/index.php\/wp-json\/wp\/v2\/pages\/19087\/revisions"}],"predecessor-version":[{"id":19098,"href":"https:\/\/letrasenlafrontera.org\/index.php\/wp-json\/wp\/v2\/pages\/19087\/revisions\/19098"}],"wp:attachment":[{"href":"https:\/\/letrasenlafrontera.org\/index.php\/wp-json\/wp\/v2\/media?parent=19087"}],"wp:term":[{"taxonomy":"author","embeddable":true,"href":"https:\/\/letrasenlafrontera.org\/index.php\/wp-json\/wp\/v2\/coauthors?post=19087"}],"curies":[{"name":"wp","href":"https:\/\/api.w.org\/{rel}","templated":true}]}}