{"id":18966,"date":"2023-09-05T16:29:53","date_gmt":"2023-09-05T16:29:53","guid":{"rendered":"https:\/\/letrasenlafrontera.org\/?page_id=18966"},"modified":"2026-02-05T22:07:29","modified_gmt":"2026-02-05T22:07:29","slug":"libros-libros","status":"publish","type":"page","link":"https:\/\/letrasenlafrontera.org\/index.php\/libros-libros\/","title":{"rendered":"Libros, libros, libros"},"content":{"rendered":"\n<div class=\"wp-block-columns is-layout-flex wp-container-core-columns-is-layout-9d6595d7 wp-block-columns-is-layout-flex\">\n<div class=\"wp-block-column is-vertically-aligned-bottom is-layout-flow wp-block-column-is-layout-flow\" style=\"flex-basis:100%\">\n<div class=\"wp-block-group is-horizontal is-content-justification-space-between is-layout-flex wp-container-core-group-is-layout-ed49b07a wp-block-group-is-layout-flex\">\n<div class=\"wp-block-group is-nowrap is-layout-flex wp-container-core-group-is-layout-ad2f72ca wp-block-group-is-layout-flex\">\n<figure class=\"wp-block-image size-full is-resized\"><a href=\"https:\/\/letrasenlafrontera.org\/index.php\/oropel\/\"><img loading=\"lazy\" decoding=\"async\" width=\"302\" height=\"466\" src=\"https:\/\/letrasenlafrontera.org\/wp-content\/uploads\/2024\/01\/Oropel.jpg\" alt=\"\" class=\"wp-image-19043\" style=\"aspect-ratio:1;object-fit:contain;width:243px;height:auto\" srcset=\"https:\/\/letrasenlafrontera.org\/wp-content\/uploads\/2024\/01\/Oropel.jpg 302w, https:\/\/letrasenlafrontera.org\/wp-content\/uploads\/2024\/01\/Oropel-194x300.jpg 194w\" sizes=\"auto, (max-width: 302px) 100vw, 302px\" \/><\/a><figcaption class=\"wp-element-caption\"><strong>Oropel<\/strong><br><sub>Santiago Dayd\u00ed-Tolson<\/sub><br><sub>Textos breves \u25cf LELF \u25cf 2023<\/sub> <br><sub><a href=\"https:\/\/www.amazon.com\/Oropel-Spanish-Santiago-Dayd%C3%AD-Tolson\/dp\/B0BTKSLH1L\">C\u00f3mprelo aqu\u00ed<\/a><\/sub><\/figcaption><\/figure>\n<\/div>\n\n\n\n<figure class=\"wp-block-image size-full is-resized\"><a href=\"https:\/\/letrasenlafrontera.org\/index.php\/texas-la-experiencia-bilingue\/\"><img loading=\"lazy\" decoding=\"async\" width=\"313\" height=\"499\" src=\"https:\/\/letrasenlafrontera.org\/wp-content\/uploads\/2023\/08\/Texas-LENF-book.jpg\" alt=\"\" class=\"wp-image-18967\" style=\"aspect-ratio:1;object-fit:contain;width:240px;height:auto\" srcset=\"https:\/\/letrasenlafrontera.org\/wp-content\/uploads\/2023\/08\/Texas-LENF-book.jpg 313w, https:\/\/letrasenlafrontera.org\/wp-content\/uploads\/2023\/08\/Texas-LENF-book-188x300.jpg 188w\" sizes=\"auto, (max-width: 313px) 100vw, 313px\" \/><\/a><figcaption class=\"wp-element-caption\"><strong>Texas, la experiencia biling\u00fce<\/strong><br><sub>M\u00faltiples Escritores<br>Antolog\u00eda\u25cfPoes\u00eda-Cuento\u25cfUNAM \u25cf 2020<\/sub> <br><sub><a href=\"https:\/\/www.amazon.com\/-\/es\/Letras-en-Frontera\/dp\/B085RTHYT3\">C\u00f3mprelo aqu\u00ed<\/a><\/sub><\/figcaption><\/figure>\n\n\n\n<figure class=\"wp-block-image size-full is-resized\"><a href=\"https:\/\/letrasenlafrontera.org\/index.php\/de-sol-a-rojo-sol-from-sun-to-red-sun\/\"><img loading=\"lazy\" decoding=\"async\" width=\"288\" height=\"445\" src=\"https:\/\/letrasenlafrontera.org\/wp-content\/uploads\/2024\/01\/De-Sol-a-Rojo-sol.jpg\" alt=\"\" class=\"wp-image-19051\" style=\"aspect-ratio:1;object-fit:contain;width:242px;height:auto\" srcset=\"https:\/\/letrasenlafrontera.org\/wp-content\/uploads\/2024\/01\/De-Sol-a-Rojo-sol.jpg 288w, https:\/\/letrasenlafrontera.org\/wp-content\/uploads\/2024\/01\/De-Sol-a-Rojo-sol-194x300.jpg 194w\" sizes=\"auto, (max-width: 288px) 100vw, 288px\" \/><\/a><figcaption class=\"wp-element-caption\"><strong>De sol a rojo sol <\/strong><sub><br>J. P. D\u00e1vila<br>Poes\u00eda \u25cf Bric-a-Brac Press<\/sub> <sub>\u25cf  2023 <\/sub><br><sub><a href=\"https:\/\/www.amazon.com\/sol-rojo-Sun-Red-Spanish\/dp\/B0CJDKV1PC\">C\u00f3mprelo aqu\u00ed<\/a> <\/sub><\/figcaption><\/figure>\n\n\n\n<figure class=\"wp-block-image size-full is-resized\"><a href=\"https:\/\/letrasenlafrontera.org\/index.php\/voyeur\/\"><img loading=\"lazy\" decoding=\"async\" width=\"306\" height=\"466\" src=\"https:\/\/letrasenlafrontera.org\/wp-content\/uploads\/2024\/01\/Voyeur.jpg\" alt=\"\" class=\"wp-image-19044\" style=\"aspect-ratio:1;object-fit:contain;width:245px;height:auto\" srcset=\"https:\/\/letrasenlafrontera.org\/wp-content\/uploads\/2024\/01\/Voyeur.jpg 306w, https:\/\/letrasenlafrontera.org\/wp-content\/uploads\/2024\/01\/Voyeur-197x300.jpg 197w\" sizes=\"auto, (max-width: 306px) 100vw, 306px\" \/><\/a><figcaption class=\"wp-element-caption\"><strong>Voyeur<\/strong><br><sub>Alfredo \u00c1valos<br>Cuentos \u25cf LELF \u25cf 2019<\/sub> <br><sub><a href=\"https:\/\/www.amazon.com\/Voyeur-Spanish-Alfredo-%C3%81valos\/dp\/1798877813\">C\u00f3mprelo aqu\u00ed<\/a><\/sub><\/figcaption><\/figure>\n\n\n\n<figure class=\"wp-block-image size-full is-resized\"><a href=\"https:\/\/letrasenlafrontera.org\/index.php\/si-la-muerte-se-enamora-de-mi\/\"><img loading=\"lazy\" decoding=\"async\" width=\"293\" height=\"444\" src=\"https:\/\/letrasenlafrontera.org\/wp-content\/uploads\/2026\/01\/Marisol-Libro-2.jpg\" alt=\"\" class=\"wp-image-21592\" style=\"aspect-ratio:1;object-fit:contain;width:240px;height:auto\" srcset=\"https:\/\/letrasenlafrontera.org\/wp-content\/uploads\/2026\/01\/Marisol-Libro-2.jpg 293w, https:\/\/letrasenlafrontera.org\/wp-content\/uploads\/2026\/01\/Marisol-Libro-2-198x300.jpg 198w\" sizes=\"auto, (max-width: 293px) 100vw, 293px\" \/><\/a><figcaption class=\"wp-element-caption\"><strong>Si la muerte se enamora de m\u00ed<\/strong><br><sub>Marisol Vera Guerra<\/sub><br><sub>Poes\u00eda\u25cfLELF\u25cf 2021<\/sub><br><sub><a href=\"https:\/\/www.amazon.com\/Si-muerte-enamora-m%C3%AD-Spanish-ebook\/dp\/B0999K8ZD4?ref_=ast_author_dp_rw&amp;th=1&amp;psc=1&amp;dib=eyJ2IjoiMSJ9.9gfUDE-gN5usZszgWPzJ7yortmsldjyprfl-h6TkSu-joizH1Ewnejn8spv1yrc_fhLBHYxZxwZ7OD3vIYuOGUrPGt50c1SYPQfBd1lz86miAfTiBD-mPo7InfZ56DvVI-F30BwEfy2-bcr5hIcT-eL3ItSG-xJ79htfTU6j6dHLAYR2PPocvQLHSadXCpqW.IeE0CW0pjZcNjeZboku7nQx1JvFqe0KzYOZ8DszdqVU&amp;dib_tag=AUTHOR\" data-type=\"link\" data-id=\"https:\/\/www.amazon.com\/Si-muerte-enamora-m%C3%AD-Spanish-ebook\/dp\/B0999K8ZD4?ref_=ast_author_dp_rw&amp;th=1&amp;psc=1&amp;dib=eyJ2IjoiMSJ9.9gfUDE-gN5usZszgWPzJ7yortmsldjyprfl-h6TkSu-joizH1Ewnejn8spv1yrc_fhLBHYxZxwZ7OD3vIYuOGUrPGt50c1SYPQfBd1lz86miAfTiBD-mPo7InfZ56DvVI-F30BwEfy2-bcr5hIcT-eL3ItSG-xJ79htfTU6j6dHLAYR2PPocvQLHSadXCpqW.IeE0CW0pjZcNjeZboku7nQx1JvFqe0KzYOZ8DszdqVU&amp;dib_tag=AUTHOR\">C\u00f3mprelo aqu\u00ed<\/a><\/sub><\/figcaption><\/figure>\n\n\n\n<figure class=\"wp-block-image size-full is-resized\"><a href=\"https:\/\/letrasenlafrontera.org\/index.php\/2026\/01\/30\/hamaca-blues\/\"><img loading=\"lazy\" decoding=\"async\" width=\"293\" height=\"438\" src=\"https:\/\/letrasenlafrontera.org\/wp-content\/uploads\/2026\/01\/Hamaca.jpg\" alt=\"\" class=\"wp-image-21593\" style=\"aspect-ratio:1;object-fit:contain;width:240px;height:auto\" srcset=\"https:\/\/letrasenlafrontera.org\/wp-content\/uploads\/2026\/01\/Hamaca.jpg 293w, https:\/\/letrasenlafrontera.org\/wp-content\/uploads\/2026\/01\/Hamaca-201x300.jpg 201w\" sizes=\"auto, (max-width: 293px) 100vw, 293px\" \/><\/a><figcaption class=\"wp-element-caption\"><strong>Hamaca Blues<\/strong><br><sub>Miriam Damaris Mardivino<br>Poes\u00eda\u25cfLELF\u25cf 2025 <\/sub>&nbsp;<br><sub><a href=\"https:\/\/www.amazon.com\/Hamaca-Blues-Miriam-Damaris-Mardivino\/dp\/B0FWZ7QM47\/ref=sr_1_1?crid=2G5385JNHZJGC&amp;dib=eyJ2IjoiMSJ9.M8qgkQDAI0IlwkqX5-KoonzQLKDvm4TkKBmQ1G3LnymMILVYnhaDl3UzSnZDlPujVSwFa7BMm4U45TlYh22LkfKSHyWrmR360kL-9nwhI8d_jx5fQl2lN8VdXyp-CA3pmb0nC8OFBdErcGFGBCfBFWhPN45KXNifaAAOAOI9hem7OhKyRieXnwJ3nUbqrUvoQ8YEfIXhv9R_6NGwQpi22j7X0XpoXGg8ucCmbM134aQ.SsrQ93iWv1_j2IW4qjU8bz_LV5Ja4sPF6G_jePGyx-A&amp;dib_tag=se&amp;keywords=hamaca+blues&amp;qid=1769799678&amp;s=digital-text&amp;sprefix=hamaca+blues%2Cdigital-text%2C161&amp;sr=1-1\">C\u00f3mprelo aqu\u00ed<\/a><\/sub><\/figcaption><\/figure>\n\n\n\n<figure class=\"wp-block-image size-full is-resized\"><a href=\"https:\/\/letrasenlafrontera.org\/index.php\/las-edades-del-enigma\/\"><img loading=\"lazy\" decoding=\"async\" width=\"502\" height=\"750\" src=\"https:\/\/letrasenlafrontera.org\/wp-content\/uploads\/2026\/01\/Las-edades-del-enigma.jpg\" alt=\"\" class=\"wp-image-21597\" style=\"aspect-ratio:1;object-fit:contain;width:245px;height:auto\" srcset=\"https:\/\/letrasenlafrontera.org\/wp-content\/uploads\/2026\/01\/Las-edades-del-enigma.jpg 502w, https:\/\/letrasenlafrontera.org\/wp-content\/uploads\/2026\/01\/Las-edades-del-enigma-201x300.jpg 201w\" sizes=\"auto, (max-width: 502px) 100vw, 502px\" \/><\/a><figcaption class=\"wp-element-caption\"><strong>Las edades del enigma<\/strong><br><sub>Santiago Dayd\u00ed-Tolson<br>Cuentos\u25cfLELF\u25cf 2021 <\/sub>&nbsp;<br><sub><a href=\"https:\/\/www.amazon.com\/Las-edades-del-enigma-Spanish-ebook\/dp\/B0999QVJQB\/ref=sr_1_1?crid=11O792HMUASHW&amp;dib=eyJ2IjoiMSJ9.m6Zf90bWFG4OeVZtPymucW4wtYSid6yBN-aakFExTm6iVChkfBkfwlZnFrHw9Jc4290Z-8bWWM48lgPl36rLwg.iV8zbc_hc744s4CAOdOLduNXoIPagciATu_s4dVTBDk&amp;dib_tag=se&amp;keywords=las+edades+del+enigma&amp;qid=1769801165&amp;s=digital-text&amp;sprefix=las+edades+del+enigma%2Cdigital-text%2C131&amp;sr=1-1\">C\u00f3mprelo aqu\u00ed<\/a><\/sub><\/figcaption><\/figure>\n\n\n\n<figure class=\"wp-block-image size-full is-resized\"><a href=\"https:\/\/letrasenlafrontera.org\/index.php\/forked-tongue\/\"><img loading=\"lazy\" decoding=\"async\" width=\"505\" height=\"749\" src=\"https:\/\/letrasenlafrontera.org\/wp-content\/uploads\/2026\/01\/Forked-tongue.jpg\" alt=\"\" class=\"wp-image-21598\" style=\"aspect-ratio:1;object-fit:contain;width:245px;height:auto\" srcset=\"https:\/\/letrasenlafrontera.org\/wp-content\/uploads\/2026\/01\/Forked-tongue.jpg 505w, https:\/\/letrasenlafrontera.org\/wp-content\/uploads\/2026\/01\/Forked-tongue-202x300.jpg 202w\" sizes=\"auto, (max-width: 505px) 100vw, 505px\" \/><\/a><figcaption class=\"wp-element-caption\"><strong>Forked tongue<\/strong><br><sub>Sujaila Miranda<br>Poes\u00eda\u25cfLELF\u25cf 2025 <\/sub>&nbsp;<br><sub><a href=\"https:\/\/www.amazon.com\/-\/es\/Letras-en-Frontera\/dp\/B085RTHYT3\">C\u00f3mprelo aqu\u00ed<\/a><\/sub><\/figcaption><\/figure>\n\n\n\n<figure class=\"wp-block-image size-full is-resized\"><a href=\"https:\/\/letrasenlafrontera.org\/index.php\/ojos-bien-abiertos\/\"><img loading=\"lazy\" decoding=\"async\" width=\"291\" height=\"441\" src=\"https:\/\/letrasenlafrontera.org\/wp-content\/uploads\/2026\/01\/Ojos-bien-abiertos.jpg\" alt=\"\" class=\"wp-image-21596\" style=\"aspect-ratio:1;object-fit:contain;width:245px;height:auto\" srcset=\"https:\/\/letrasenlafrontera.org\/wp-content\/uploads\/2026\/01\/Ojos-bien-abiertos.jpg 291w, https:\/\/letrasenlafrontera.org\/wp-content\/uploads\/2026\/01\/Ojos-bien-abiertos-198x300.jpg 198w\" sizes=\"auto, (max-width: 291px) 100vw, 291px\" \/><\/a><figcaption class=\"wp-element-caption\"><strong>Ojos bien abiertos<\/strong><br><sub>Marisol Vera Guerra<br>Ensayo\u25cfLELF\u25cf 2024 <\/sub>&nbsp;<br><sub><a href=\"https:\/\/www.amazon.com\/Ojos-bien-abiertos-experiencia-diagn%C3%B3stico\/dp\/B0CRP8X84S\/ref=sr_1_3?crid=28FPM2H7NVWS6&amp;dib=eyJ2IjoiMSJ9.6OZNbIXoYFwVxSTZmZ3gno1tPVJfuxWk5Z4-78Owr2C1zBsyW0VQqcEjdurNLwOExa4emVStg2T9AQibe-S03GDZOm-3Eupwku-5d3hkTm1wALjPMOKWO-QAuJbq9m-OpkrtBMULF20D-acehkh4ssFSqR0F-Pc8haX6lcL-0vWIvey1317mMFVSuSbQnhQJOsgrDShk7Q3i7jA7a6zSJofPSQ4dH1MTtAkW6jGyCYI.ur5-EaMpMinn5UnpohQrz1pSoxg6lcv2P-REZGt5vWo&amp;dib_tag=se&amp;keywords=ojos+bien+abiertos&amp;qid=1769800463&amp;s=digital-text&amp;sprefix=ojos+bien+abiertos%2Cdigital-text%2C126&amp;sr=1-3-catcorr\">C\u00f3mprelo aqu\u00ed<\/a><\/sub><\/figcaption><\/figure>\n\n\n\n<figure class=\"wp-block-image size-full is-resized\"><a href=\"https:\/\/letrasenlafrontera.org\/index.php\/a-la-medianoche-solo-los-perros-ladran\/\"><img loading=\"lazy\" decoding=\"async\" width=\"512\" height=\"748\" src=\"https:\/\/letrasenlafrontera.org\/wp-content\/uploads\/2026\/01\/Yepez.jpg\" alt=\"\" class=\"wp-image-21601\" style=\"aspect-ratio:1;object-fit:contain;width:245px;height:auto\" srcset=\"https:\/\/letrasenlafrontera.org\/wp-content\/uploads\/2026\/01\/Yepez.jpg 512w, https:\/\/letrasenlafrontera.org\/wp-content\/uploads\/2026\/01\/Yepez-205x300.jpg 205w\" sizes=\"auto, (max-width: 512px) 100vw, 512px\" \/><\/a><figcaption class=\"wp-element-caption\"><strong>A la medianoche s\u00f3lo los perros ladran<\/strong><br><sub>Luc\u00eda Y\u00e9pez<br>Poes\u00eda\u25cfLELF\u25cf 2025 <\/sub>&nbsp;<br><sub><a href=\"https:\/\/www.amazon.com\/-\/es\/Letras-en-Frontera\/dp\/B085RTHYT3\">C\u00f3mprelo aqu\u00ed<\/a><\/sub><\/figcaption><\/figure>\n\n\n\n<figure class=\"wp-block-image size-full is-resized\"><a href=\"https:\/\/letrasenlafrontera.org\/index.php\/cosecha-de-verano\/\"><img loading=\"lazy\" decoding=\"async\" width=\"505\" height=\"756\" src=\"https:\/\/letrasenlafrontera.org\/wp-content\/uploads\/2026\/01\/Isaura-libro.jpg\" alt=\"\" class=\"wp-image-21602\" style=\"aspect-ratio:1;object-fit:contain;width:245px;height:auto\" srcset=\"https:\/\/letrasenlafrontera.org\/wp-content\/uploads\/2026\/01\/Isaura-libro.jpg 505w, https:\/\/letrasenlafrontera.org\/wp-content\/uploads\/2026\/01\/Isaura-libro-200x300.jpg 200w\" sizes=\"auto, (max-width: 505px) 100vw, 505px\" \/><\/a><figcaption class=\"wp-element-caption\"><strong>Cosecha de verano<\/strong><br><sub>Isaura Contreras<br>Novela\u25cfBric-a-Brac Press\u25cf2024 <\/sub>&nbsp;<br><sub><a href=\"https:\/\/www.amazon.com\/Cosecha-verano-Summer-Harvest-Spanish\/dp\/1961136031\/ref=sr_1_1?crid=3FZB93MGIN07B&amp;dib=eyJ2IjoiMSJ9.20XJxe5iM-lc2NCS0LArrGHLSyar6L9cDouiv-QP9Mw.9Xj2CHmMA_KPz58NnHq7HPUWgRKWez_8pnmIAa9EZno&amp;dib_tag=se&amp;keywords=isaura+contreras&amp;qid=1769804337&amp;s=books&amp;sprefix=isaura+contreras%2Cstripbooks%2C124&amp;sr=1-1\">C\u00f3mprelo aqu\u00ed<\/a><\/sub><\/figcaption><\/figure>\n\n\n\n<figure class=\"wp-block-image size-full is-resized\"><a href=\"https:\/\/letrasenlafrontera.org\/index.php\/el-factor-humano\/\"><img loading=\"lazy\" decoding=\"async\" width=\"514\" height=\"750\" src=\"https:\/\/letrasenlafrontera.org\/wp-content\/uploads\/2026\/01\/El-factor-humano.jpg\" alt=\"\" class=\"wp-image-21603\" style=\"aspect-ratio:1;object-fit:contain;width:245px;height:auto\" srcset=\"https:\/\/letrasenlafrontera.org\/wp-content\/uploads\/2026\/01\/El-factor-humano.jpg 514w, https:\/\/letrasenlafrontera.org\/wp-content\/uploads\/2026\/01\/El-factor-humano-206x300.jpg 206w\" sizes=\"auto, (max-width: 514px) 100vw, 514px\" \/><\/a><figcaption class=\"wp-element-caption\"><strong>El factor humano<\/strong><br><sub>Rebecca Bowman<br>Novela\u25cfLELF\u25cf 2024 <\/sub>&nbsp;<br><sub><a href=\"https:\/\/www.amazon.com\/-\/es\/Letras-en-Frontera\/dp\/B085RTHYT3\">C\u00f3mprelo aqu\u00ed<\/a><\/sub><\/figcaption><\/figure>\n\n\n\n<figure class=\"wp-block-image size-full is-resized\"><a href=\"https:\/\/letrasenlafrontera.org\/index.php\/un-encuentro-casual\/\"><img loading=\"lazy\" decoding=\"async\" width=\"513\" height=\"750\" src=\"https:\/\/letrasenlafrontera.org\/wp-content\/uploads\/2026\/02\/Bertha.jpg\" alt=\"\" class=\"wp-image-21677\" style=\"aspect-ratio:1;object-fit:contain;width:245px;height:auto\" srcset=\"https:\/\/letrasenlafrontera.org\/wp-content\/uploads\/2026\/02\/Bertha.jpg 513w, https:\/\/letrasenlafrontera.org\/wp-content\/uploads\/2026\/02\/Bertha-205x300.jpg 205w\" sizes=\"auto, (max-width: 513px) 100vw, 513px\" \/><\/a><figcaption class=\"wp-element-caption\"><strong>Un encuentro casual<\/strong><br><sub>Bertha Jacobson y Guadalupe Mu\u00f1oz<br>Cuento\u25cfLELF\u25cf 2024 <\/sub>\u00a0<br><sub><a href=\"https:\/\/www.amazon.com\/ENCUENTRO-CASUAL-Spanish-BERTHA-JACOBSON\/dp\/B0DHVZKDN3\">C\u00f3mprelo aqu\u00ed<\/a><\/sub><\/figcaption><\/figure>\n<\/div>\n<\/div>\n<\/div>\n\n\n\n<div class=\"wp-block-columns is-layout-flex wp-container-core-columns-is-layout-9d6595d7 wp-block-columns-is-layout-flex\">\n<div class=\"wp-block-column is-layout-flow wp-block-column-is-layout-flow\"><\/div>\n\n\n\n<div class=\"wp-block-column is-layout-flow wp-block-column-is-layout-flow\"><\/div>\n\n\n\n<div class=\"wp-block-column is-layout-flow wp-block-column-is-layout-flow\"><\/div>\n<\/div>\n\n\n\n<div class=\"wp-block-group is-nowrap is-layout-flex wp-container-core-group-is-layout-ad2f72ca wp-block-group-is-layout-flex\">\n<div class=\"wp-block-group is-content-justification-center is-nowrap is-layout-flex wp-container-core-group-is-layout-94bc23d7 wp-block-group-is-layout-flex\">\n<div class=\"wp-block-columns is-layout-flex wp-container-core-columns-is-layout-9d6595d7 wp-block-columns-is-layout-flex\">\n<div class=\"wp-block-column is-layout-flow wp-block-column-is-layout-flow\" style=\"flex-basis:100%\"><\/div>\n<\/div>\n<\/div>\n<\/div>\n","protected":false},"excerpt":{"rendered":"","protected":false},"author":4790,"featured_media":0,"parent":0,"menu_order":0,"comment_status":"closed","ping_status":"closed","template":"","meta":{"footnotes":"[]"},"coauthors":[320],"class_list":["post-18966","page","type-page","status-publish","hentry"],"jetpack_sharing_enabled":true,"_links":{"self":[{"href":"https:\/\/letrasenlafrontera.org\/index.php\/wp-json\/wp\/v2\/pages\/18966","targetHints":{"allow":["GET"]}}],"collection":[{"href":"https:\/\/letrasenlafrontera.org\/index.php\/wp-json\/wp\/v2\/pages"}],"about":[{"href":"https:\/\/letrasenlafrontera.org\/index.php\/wp-json\/wp\/v2\/types\/page"}],"author":[{"embeddable":true,"href":"https:\/\/letrasenlafrontera.org\/index.php\/wp-json\/wp\/v2\/users\/4790"}],"replies":[{"embeddable":true,"href":"https:\/\/letrasenlafrontera.org\/index.php\/wp-json\/wp\/v2\/comments?post=18966"}],"version-history":[{"count":33,"href":"https:\/\/letrasenlafrontera.org\/index.php\/wp-json\/wp\/v2\/pages\/18966\/revisions"}],"predecessor-version":[{"id":21685,"href":"https:\/\/letrasenlafrontera.org\/index.php\/wp-json\/wp\/v2\/pages\/18966\/revisions\/21685"}],"wp:attachment":[{"href":"https:\/\/letrasenlafrontera.org\/index.php\/wp-json\/wp\/v2\/media?parent=18966"}],"wp:term":[{"taxonomy":"author","embeddable":true,"href":"https:\/\/letrasenlafrontera.org\/index.php\/wp-json\/wp\/v2\/coauthors?post=18966"}],"curies":[{"name":"wp","href":"https:\/\/api.w.org\/{rel}","templated":true}]}}