{"id":18679,"date":"2020-08-21T18:45:22","date_gmt":"2020-08-21T18:45:22","guid":{"rendered":"https:\/\/letrasenlafrontera.org\/?page_id=18679"},"modified":"2020-08-21T18:45:22","modified_gmt":"2020-08-21T18:45:22","slug":"abel-s-badillo","status":"publish","type":"page","link":"https:\/\/letrasenlafrontera.org\/index.php\/miembros\/abel-s-badillo\/","title":{"rendered":"Abel S. Badillo"},"content":{"rendered":"<p class=\"p1\"><span class=\"s1\"><b>Abel S. Badillo<\/b> (R\u00edo Bravo, Tamaulipas, M\u00e9xico, 1966). Emigr\u00f3 a los EE. UU en 1988. Estudi\u00f3 ciencia de la inform\u00e1tica en el San Jacinto College, Pasadena, TX. Autor del libro de relatos <i>El Hombre de Pet-Boo<\/i>, 2016. Ha le\u00eddo en festivales como FEIPOL, FESTIBA y Art d\u2019Riu. participante en actividades de Voces de la Frontera. Colaborador del encuentro literario \u201cEl llano en llamas\u201d y \u201cTrova, verso y prosa\u201d, en conjunto con Teatro Comunitario de Houston y Escondrijo, Houston, TX. <\/span><\/p>\n<p class=\"p1\"><span class=\"s1\">Criseida Santos-Guevara, es graduada del programa de Maestr\u00eda en Escritura Creativa de la Universidad de Texas en El Paso. Premio Literal de Novela Breve en 2013 por <i>La reinita pop no ha muerto <\/i>(Literal Publishing\/CONACULTA). Menci\u00f3n Honor\u00edfica del Premio Binacional de Novela Joven Frontera de Palabras\/Border of Words en 2008 por <i>Rhyme &amp; Reason<\/i> (FETA) que actualmente est\u00e1 en proceso de traducci\u00f3n. Sus textos han sido parte de antolog\u00edas como <i>Monterrey 24<\/i> (Universidad Aut\u00f3noma de Nuevo Le\u00f3n, 2018), <i>Las reinas somos gente normal<\/i> (Tilde, 2016), <i>Te guard\u00e9 una bala<\/i> (Abismos, 2015). Fue editora de la revista Rio Grande Review.<\/span><\/p>\n","protected":false},"excerpt":{"rendered":"<p>Abel S. Badillo (R\u00edo Bravo, Tamaulipas, M\u00e9xico, 1966). Emigr\u00f3 a los EE. UU en 1988. Estudi\u00f3 ciencia de la inform\u00e1tica en el San&hellip;<\/p>\n","protected":false},"author":1,"featured_media":18680,"parent":16994,"menu_order":0,"comment_status":"closed","ping_status":"closed","template":"","meta":{"footnotes":""},"coauthors":[],"class_list":["post-18679","page","type-page","status-publish","has-post-thumbnail","hentry"],"jetpack_sharing_enabled":true,"_links":{"self":[{"href":"https:\/\/letrasenlafrontera.org\/index.php\/wp-json\/wp\/v2\/pages\/18679","targetHints":{"allow":["GET"]}}],"collection":[{"href":"https:\/\/letrasenlafrontera.org\/index.php\/wp-json\/wp\/v2\/pages"}],"about":[{"href":"https:\/\/letrasenlafrontera.org\/index.php\/wp-json\/wp\/v2\/types\/page"}],"author":[{"embeddable":true,"href":"https:\/\/letrasenlafrontera.org\/index.php\/wp-json\/wp\/v2\/users\/1"}],"replies":[{"embeddable":true,"href":"https:\/\/letrasenlafrontera.org\/index.php\/wp-json\/wp\/v2\/comments?post=18679"}],"version-history":[{"count":1,"href":"https:\/\/letrasenlafrontera.org\/index.php\/wp-json\/wp\/v2\/pages\/18679\/revisions"}],"predecessor-version":[{"id":18683,"href":"https:\/\/letrasenlafrontera.org\/index.php\/wp-json\/wp\/v2\/pages\/18679\/revisions\/18683"}],"up":[{"embeddable":true,"href":"https:\/\/letrasenlafrontera.org\/index.php\/wp-json\/wp\/v2\/pages\/16994"}],"wp:featuredmedia":[{"embeddable":true,"href":"https:\/\/letrasenlafrontera.org\/index.php\/wp-json\/wp\/v2\/media\/18680"}],"wp:attachment":[{"href":"https:\/\/letrasenlafrontera.org\/index.php\/wp-json\/wp\/v2\/media?parent=18679"}],"wp:term":[{"taxonomy":"author","embeddable":true,"href":"https:\/\/letrasenlafrontera.org\/index.php\/wp-json\/wp\/v2\/coauthors?post=18679"}],"curies":[{"name":"wp","href":"https:\/\/api.w.org\/{rel}","templated":true}]}}