{"id":18578,"date":"2019-10-17T22:36:47","date_gmt":"2019-10-17T22:36:47","guid":{"rendered":"https:\/\/letrasenlafrontera.org\/?page_id=18578"},"modified":"2019-10-17T22:36:47","modified_gmt":"2019-10-17T22:36:47","slug":"marisol-vera-guerra","status":"publish","type":"page","link":"https:\/\/letrasenlafrontera.org\/index.php\/miembros\/marisol-vera-guerra\/","title":{"rendered":"Marisol Vera Guerra"},"content":{"rendered":"<p class=\"p1\"><img loading=\"lazy\" decoding=\"async\" class=\"alignright size-medium wp-image-18581\" src=\"https:\/\/letrasenlafrontera.org\/wp-content\/uploads\/2019\/10\/72346483_10218173036854949_2623833359788277760_o-223x300.jpg\" alt=\"\" width=\"223\" height=\"300\" srcset=\"https:\/\/letrasenlafrontera.org\/wp-content\/uploads\/2019\/10\/72346483_10218173036854949_2623833359788277760_o-223x300.jpg 223w, https:\/\/letrasenlafrontera.org\/wp-content\/uploads\/2019\/10\/72346483_10218173036854949_2623833359788277760_o-768x1033.jpg 768w, https:\/\/letrasenlafrontera.org\/wp-content\/uploads\/2019\/10\/72346483_10218173036854949_2623833359788277760_o-700x942.jpg 700w, https:\/\/letrasenlafrontera.org\/wp-content\/uploads\/2019\/10\/72346483_10218173036854949_2623833359788277760_o.jpg 892w\" sizes=\"auto, (max-width: 223px) 100vw, 223px\" \/>Maestra en ciencias de la educaci\u00f3n y la comunicaci\u00f3n, psic\u00f3loga, directora de Ediciones Morgana. Ha publicado poes\u00eda, narrativa y ensayo en libros y revistas literarias en M\u00e9xico, Italia y Estados Unidos. Entre sus libros recientes se encuentran <i>Im\u00e1genes de la fertilidad<\/i>, escrito con una beca del Programa de Est\u00edmulo a la Creaci\u00f3n y al Desarrollo Art\u00edstico y editado por el Instituto Tamaulipeco para la Cultura y las Artes;<i> #SiLaMuerteSeEnamoraDeM\u00ed<\/i>, Voces de Barlovento Editores, <i>Gaster\u00f3podo<\/i> (Ediciones El Humo) y <i>Poes\u00eda para desactivar patrones establecidos,<\/i> proyecto digital becado por el programa Financiarte (Conarte) para exponerse en la sede de Progetto 7LUNE en Venecia, Italia. Algunas de las antolog\u00edas donde est\u00e1 incluida son: <i>Ensayo panor\u00e1mico de la literatura en Tamaulipas <\/i>(ITCA), <i>Parkour Pop.\u00e9tico o c\u00f3mo saltar las bardas hacia el poema<\/i> (Secretar\u00eda de Educaci\u00f3n P\u00fablica \/ DGESPE), <i>El ojo de la palabra: Poes\u00eda visual regiomontana<\/i> (UANL) y <i>Anthology FEIPOL 2018<\/i> (Latin American Foundation for the Arts). Adem\u00e1s realiza vi\u00f1etas con perspectiva de g\u00e9nero, videopoemas y performance; cr\u00eda dos hijas y un hijo.<\/p>\n<p class=\"p2\"><span class=\"s2\"><a href=\"https:\/\/www.youtube.com\/redirect?redir_token=0kc8-zMkjHtLPUJ0qCNGqr5hh9x8MTU2NzYxMTU1N0AxNTY3NTI1MTU3&amp;q=https%253A%252F%252Ftwitter.com%252Fveraguerra&amp;v=nVcCQYsuz7E&amp;event=video_description\">@<span class=\"s3\">veraguerra<\/span><\/a><\/span><\/p>\n<p class=\"p3\"><span class=\"s4\">facebook.com\/laveraguerra\/<\/span><\/p>\n<p class=\"p3\"><span class=\"s1\"><a href=\"https:\/\/www.youtube.com\/redirect?redir_token=0kc8-zMkjHtLPUJ0qCNGqr5hh9x8MTU2NzYxMTU1N0AxNTY3NTI1MTU3&amp;q=http%253A%252F%252Fmujerespejo.blogspot.com%252F&amp;v=nVcCQYsuz7E&amp;event=video_description\">mujerespejo.blogspot.com\/<\/a><\/span><\/p>\n<p class=\"p2\"><span class=\"s7\"><a href=\"https:\/\/www.youtube.com\/redirect?redir_token=0kc8-zMkjHtLPUJ0qCNGqr5hh9x8MTU2NzYxMTU1N0AxNTY3NTI1MTU3&amp;q=https%253A%252F%252Fwww.instagram.com%252Fveraguerra07%252F&amp;v=nVcCQYsuz7E&amp;event=video_description\">instagram.com\/veraguerra07\/<\/a><\/span><\/p>\n<p class=\"p4\"><span class=\"s4\"><a href=\"https:\/\/www.youtube.com\/channel\/UCwmBtaigJKOqHhFQExSb9OA\">youtube.com\/channel\/UCwmBtaigJKOqHhFQExSb9OA<\/a><\/span><\/p>\n<p class=\"p3\"><span class=\"s4\"><a href=\"https:\/\/edicionesmorgana.wixsite.com\/\">edicionesmorgana.wixsite.com\/<\/a><\/span><\/p>\n","protected":false},"excerpt":{"rendered":"<p>Maestra en ciencias de la educaci\u00f3n y la comunicaci\u00f3n, psic\u00f3loga, directora de Ediciones Morgana. Ha publicado poes\u00eda, narrativa y ensayo en libros y&hellip;<\/p>\n","protected":false},"author":1,"featured_media":0,"parent":16994,"menu_order":0,"comment_status":"closed","ping_status":"closed","template":"","meta":{"footnotes":""},"coauthors":[],"class_list":["post-18578","page","type-page","status-publish","hentry"],"jetpack_sharing_enabled":true,"_links":{"self":[{"href":"https:\/\/letrasenlafrontera.org\/index.php\/wp-json\/wp\/v2\/pages\/18578","targetHints":{"allow":["GET"]}}],"collection":[{"href":"https:\/\/letrasenlafrontera.org\/index.php\/wp-json\/wp\/v2\/pages"}],"about":[{"href":"https:\/\/letrasenlafrontera.org\/index.php\/wp-json\/wp\/v2\/types\/page"}],"author":[{"embeddable":true,"href":"https:\/\/letrasenlafrontera.org\/index.php\/wp-json\/wp\/v2\/users\/1"}],"replies":[{"embeddable":true,"href":"https:\/\/letrasenlafrontera.org\/index.php\/wp-json\/wp\/v2\/comments?post=18578"}],"version-history":[{"count":1,"href":"https:\/\/letrasenlafrontera.org\/index.php\/wp-json\/wp\/v2\/pages\/18578\/revisions"}],"predecessor-version":[{"id":18582,"href":"https:\/\/letrasenlafrontera.org\/index.php\/wp-json\/wp\/v2\/pages\/18578\/revisions\/18582"}],"up":[{"embeddable":true,"href":"https:\/\/letrasenlafrontera.org\/index.php\/wp-json\/wp\/v2\/pages\/16994"}],"wp:attachment":[{"href":"https:\/\/letrasenlafrontera.org\/index.php\/wp-json\/wp\/v2\/media?parent=18578"}],"wp:term":[{"taxonomy":"author","embeddable":true,"href":"https:\/\/letrasenlafrontera.org\/index.php\/wp-json\/wp\/v2\/coauthors?post=18578"}],"curies":[{"name":"wp","href":"https:\/\/api.w.org\/{rel}","templated":true}]}}